{"id":1634,"date":"2022-08-17T12:04:57","date_gmt":"2022-08-17T12:04:57","guid":{"rendered":"https:\/\/ebk.pl\/?page_id=1634"},"modified":"2023-03-14T14:25:49","modified_gmt":"2023-03-14T14:25:49","slug":"produkcja-indywidualna","status":"publish","type":"page","link":"https:\/\/ebk.pl\/index.php\/produkcja-indywidualna\/","title":{"rendered":"Produkcja Indywidualna"},"content":{"rendered":"<div class=\"fusion-fullwidth fullwidth-box fusion-builder-row-1 fusion-flex-container has-pattern-background has-mask-background nonhundred-percent-fullwidth non-hundred-percent-height-scrolling\" style=\"background-color: rgba(255,255,255,0);background-position: center center;background-repeat: no-repeat;border-width: 0px 0px 0px 0px;border-color:var(--awb-color3);border-style:solid;\" ><div class=\"fusion-builder-row fusion-row fusion-flex-align-items-flex-start\" style=\"max-width:1435.2px;margin-left: calc(-4% \/ 2 );margin-right: calc(-4% \/ 2 );\"><div class=\"fusion-layout-column fusion_builder_column fusion-builder-column-0 fusion_builder_column_1_2 1_2 fusion-flex-column\"><div class=\"fusion-column-wrapper fusion-flex-justify-content-flex-start fusion-content-layout-column\" style=\"background-position:left top;background-repeat:no-repeat;-webkit-background-size:cover;-moz-background-size:cover;-o-background-size:cover;background-size:cover;padding: 0px 0px 0px 0px;\"><div ><span class=\" fusion-imageframe imageframe-none imageframe-1 hover-type-none\"><img decoding=\"async\" width=\"623\" height=\"467\" title=\"Indywidualna_1\" src=\"https:\/\/ebk.pl\/wp-content\/uploads\/2023\/02\/Indywidualna_1.jpeg\" data-orig-src=\"https:\/\/ebk.pl\/wp-content\/uploads\/2023\/02\/Indywidualna_1.jpeg\" alt class=\"lazyload img-responsive wp-image-2994\" srcset=\"data:image\/svg+xml,%3Csvg%20xmlns%3D%27http%3A%2F%2Fwww.w3.org%2F2000%2Fsvg%27%20width%3D%27623%27%20height%3D%27467%27%20viewBox%3D%270%200%20623%20467%27%3E%3Crect%20width%3D%27623%27%20height%3D%27467%27%20fill-opacity%3D%220%22%2F%3E%3C%2Fsvg%3E\" data-srcset=\"https:\/\/ebk.pl\/wp-content\/uploads\/2023\/02\/Indywidualna_1-200x150.jpeg 200w, https:\/\/ebk.pl\/wp-content\/uploads\/2023\/02\/Indywidualna_1-400x300.jpeg 400w, https:\/\/ebk.pl\/wp-content\/uploads\/2023\/02\/Indywidualna_1-600x450.jpeg 600w, https:\/\/ebk.pl\/wp-content\/uploads\/2023\/02\/Indywidualna_1.jpeg 623w\" data-sizes=\"auto\" data-orig-sizes=\"(max-width: 740px) 100vw, 623px\" \/><\/span><\/div><\/div><style type=\"text\/css\">.fusion-body .fusion-builder-column-0{width:50% !important;margin-top : 0px;margin-bottom : 20px;}.fusion-builder-column-0 > .fusion-column-wrapper {padding-top : 0px !important;padding-right : 0px !important;margin-right : 3.84%;padding-bottom : 0px !important;padding-left : 0px !important;margin-left : 3.84%;}@media only screen and (max-width:1124px) {.fusion-body .fusion-builder-column-0{width:50% !important;order : 0;}.fusion-builder-column-0 > .fusion-column-wrapper {margin-right : 3.84%;margin-left : 3.84%;}}@media only screen and (max-width:740px) {.fusion-body .fusion-builder-column-0{width:100% !important;order : 0;}.fusion-builder-column-0 > .fusion-column-wrapper {margin-right : 1.92%;margin-left : 1.92%;}}<\/style><\/div><div class=\"fusion-layout-column fusion_builder_column fusion-builder-column-1 fusion_builder_column_1_2 1_2 fusion-flex-column\"><div class=\"fusion-column-wrapper fusion-flex-justify-content-flex-start fusion-content-layout-column\" style=\"background-position:left top;background-repeat:no-repeat;-webkit-background-size:cover;-moz-background-size:cover;-o-background-size:cover;background-size:cover;padding: 0px 0px 0px 0px;\"><div class=\"fusion-content-boxes content-boxes columns row fusion-columns-1 fusion-columns-total-1 fusion-content-boxes-1 content-boxes-icon-with-title content-left\" data-animationOffset=\"top-into-view\" style=\"margin-top:;margin-bottom:;\"><style type=\"text\/css\">.fusion-content-boxes-1 .heading .content-box-heading {color:var(--awb-color8);}\n\t\t\t\t\t.fusion-content-boxes-1 .fusion-content-box-hover .link-area-link-icon-hover .heading .content-box-heading,\n\t\t\t\t\t.fusion-content-boxes-1 .fusion-content-box-hover .link-area-link-icon-hover .heading .heading-link .content-box-heading,\n\t\t\t\t\t.fusion-content-boxes-1 .fusion-content-box-hover .link-area-box-hover .heading .content-box-heading,\n\t\t\t\t\t.fusion-content-boxes-1 .fusion-content-box-hover .link-area-box-hover .heading .heading-link .content-box-heading,\n\t\t\t\t\t.fusion-content-boxes-1 .fusion-content-box-hover .link-area-link-icon-hover.link-area-box .fusion-read-more,\n\t\t\t\t\t.fusion-content-boxes-1 .fusion-content-box-hover .link-area-link-icon-hover.link-area-box .fusion-read-more::after,\n\t\t\t\t\t.fusion-content-boxes-1 .fusion-content-box-hover .link-area-link-icon-hover.link-area-box .fusion-read-more::before,\n\t\t\t\t\t.fusion-content-boxes-1 .fusion-content-box-hover .fusion-read-more:hover:after,\n\t\t\t\t\t.fusion-content-boxes-1 .fusion-content-box-hover .fusion-read-more:hover:before,\n\t\t\t\t\t.fusion-content-boxes-1 .fusion-content-box-hover .fusion-read-more:hover,\n\t\t\t\t\t.fusion-content-boxes-1 .fusion-content-box-hover .link-area-box-hover.link-area-box .fusion-read-more,\n\t\t\t\t\t.fusion-content-boxes-1 .fusion-content-box-hover .link-area-box-hover.link-area-box .fusion-read-more::after,\n\t\t\t\t\t.fusion-content-boxes-1 .fusion-content-box-hover .link-area-box-hover.link-area-box .fusion-read-more::before,\n\t\t\t\t\t.fusion-content-boxes-1 .fusion-content-box-hover .link-area-link-icon-hover .icon .circle-no,\n\t\t\t\t\t.fusion-content-boxes-1 .heading .heading-link:hover .content-box-heading {\n\t\t\t\t\t\tcolor: var(--awb-color4);\n\t\t\t\t\t}\n\t\t\t\t\t.fusion-content-boxes-1 .fusion-content-box-hover .link-area-box-hover .icon .circle-no {\n\t\t\t\t\t\tcolor: var(--awb-color4) !important;\n\t\t\t\t\t}.fusion-content-boxes-1 .fusion-content-box-hover .link-area-box.link-area-box-hover .fusion-content-box-button {background: var(--awb-color8);color: var(--awb-color1);}.fusion-content-boxes-1 .fusion-content-box-hover .link-area-box.link-area-box-hover .fusion-content-box-button .fusion-button-text {color: var(--awb-color1);}\n\t\t\t\t\t.fusion-content-boxes-1 .fusion-content-box-hover .link-area-link-icon-hover .heading .icon > span {\n\t\t\t\t\t\tbackground-color: var(--awb-color4) !important;\n\t\t\t\t\t}\n\t\t\t\t\t.fusion-content-boxes-1 .fusion-content-box-hover .link-area-box-hover .heading .icon > span {\n\t\t\t\t\t\tborder-color: var(--awb-color4) !important;\n\t\t\t\t\t}<\/style><div class=\"fusion-column content-box-column content-box-column content-box-column-1 col-lg-12 col-md-12 col-sm-12 fusion-content-box-hover content-box-column-last content-box-column-last-in-row\"><div class=\"col content-box-wrapper content-wrapper link-area-box link-type-button content-icon-wrapper-yes icon-hover-animation-fade\" style=\"background-color:rgba(255,255,255,0);\" data-link=\"https:\/\/www.ebk.pl\/sklep\/\" data-link-target=\"_self\" data-animationOffset=\"top-into-view\"><div class=\"heading icon-left\"><a class=\"heading-link\" style=\"float:left;\" href=\"https:\/\/www.ebk.pl\/sklep\/\" target=\"_self\"><\/a><\/div><div class=\"fusion-clearfix\"><\/div><div class=\"content-container\" style=\"color:var(--awb-color8);\">\n<h4 data-fontsize=\"28\" style=\"--fontSize:28; line-height: 1.25; --minFontSize:28;\" data-lineheight=\"35px\" class=\"fusion-responsive-typography-calculated\"><\/h4>\n<h4 data-fontsize=\"28\" style=\"--fontSize:28; line-height: 1.25; --minFontSize:28;\" data-lineheight=\"35px\" class=\"fusion-responsive-typography-calculated\">Masz nietypowy pomys\u0142 na reklam\u0119? To nie problem jeste\u015bmy gotowi na nowe wyzwania i ch\u0119tnie si\u0119 ich podejmujemy! <\/h4>\n<\/div><div class=\"fusion-clearfix\"><\/div><a class=\"fusion-read-more-button fusion-content-box-button fusion-button button-default fusion-button-default-size button- button-flat\" style=\"float:left;\" href=\"https:\/\/www.ebk.pl\/sklep\/\" target=\"_self\"><span class=\"fusion-button-text\">ZOBACZ WI\u0118CEJ<\/span><\/a><div class=\"fusion-clearfix\"><\/div><\/div><\/div><style type=\"text\/css\">\n\t\t\t\t\t\t.fusion-content-boxes-1 .fusion-content-box-hover .heading-link:hover .icon i.circle-yes,\n\t\t\t\t\t\t.fusion-content-boxes-1 .fusion-content-box-hover .link-area-box:hover .heading-link .icon i.circle-yes,\n\t\t\t\t\t\t.fusion-content-boxes-1 .fusion-content-box-hover .link-area-link-icon-hover .heading .icon i.circle-yes,\n\t\t\t\t\t\t.fusion-content-boxes-1 .fusion-content-box-hover .link-area-box-hover .heading .icon i.circle-yes {\n\t\t\t\t\t\t\tbackground-color: var(--awb-color4) !important;\n\t\t\t\t\t\t\tborder-color: var(--awb-color4) !important;\n\t\t\t\t\t\t}<\/style><div class=\"fusion-clearfix\"><\/div><\/div><\/div><style type=\"text\/css\">.fusion-body .fusion-builder-column-1{width:50% !important;margin-top : 0px;margin-bottom : 20px;}.fusion-builder-column-1 > .fusion-column-wrapper {padding-top : 0px !important;padding-right : 0px !important;margin-right : 3.84%;padding-bottom : 0px !important;padding-left : 0px !important;margin-left : 3.84%;}@media only screen and (max-width:1124px) {.fusion-body .fusion-builder-column-1{width:50% !important;order : 0;}.fusion-builder-column-1 > .fusion-column-wrapper {margin-right : 3.84%;margin-left : 3.84%;}}@media only screen and (max-width:740px) {.fusion-body .fusion-builder-column-1{width:100% !important;order : 0;}.fusion-builder-column-1 > .fusion-column-wrapper {margin-right : 1.92%;margin-left : 1.92%;}}<\/style><\/div><\/div><style type=\"text\/css\">.fusion-body .fusion-flex-container.fusion-builder-row-1{ padding-top : 0px;margin-top : 0px;padding-right : 0px;padding-bottom : 0px;margin-bottom : 0px;padding-left : 0px;}<\/style><\/div>\n","protected":false},"excerpt":{"rendered":"","protected":false},"author":1,"featured_media":0,"parent":0,"menu_order":0,"comment_status":"closed","ping_status":"closed","template":"100-width.php","meta":[],"yoast_head":"<!-- This site is optimized with the Yoast SEO plugin v20.3 - https:\/\/yoast.com\/wordpress\/plugins\/seo\/ -->\n<title>Produkcja Indywidualna - EBK Reklama<\/title>\n<meta name=\"robots\" content=\"index, follow, max-snippet:-1, max-image-preview:large, max-video-preview:-1\" \/>\n<link rel=\"canonical\" href=\"https:\/\/ebk.pl\/index.php\/produkcja-indywidualna\/\" \/>\n<meta property=\"og:locale\" content=\"pl_PL\" \/>\n<meta property=\"og:type\" content=\"article\" \/>\n<meta property=\"og:title\" content=\"Produkcja Indywidualna - EBK Reklama\" \/>\n<meta property=\"og:url\" content=\"https:\/\/ebk.pl\/index.php\/produkcja-indywidualna\/\" \/>\n<meta property=\"og:site_name\" content=\"EBK Reklama\" \/>\n<meta property=\"article:publisher\" content=\"https:\/\/www.facebook.com\/EBKAgencjaReklamowa\/\" \/>\n<meta property=\"article:modified_time\" content=\"2023-03-14T14:25:49+00:00\" \/>\n<meta property=\"og:image\" content=\"https:\/\/ebk.pl\/wp-content\/uploads\/2022\/09\/LOGO-EBK-Favikon.jpg\" \/>\n\t<meta property=\"og:image:width\" content=\"512\" \/>\n\t<meta property=\"og:image:height\" content=\"471\" \/>\n\t<meta property=\"og:image:type\" content=\"image\/jpeg\" \/>\n<meta name=\"twitter:card\" content=\"summary_large_image\" \/>\n<meta name=\"twitter:label1\" content=\"Szacowany czas czytania\" \/>\n\t<meta name=\"twitter:data1\" content=\"4 minuty\" \/>\n<script type=\"application\/ld+json\" class=\"yoast-schema-graph\">{\"@context\":\"https:\/\/schema.org\",\"@graph\":[{\"@type\":\"WebPage\",\"@id\":\"https:\/\/ebk.pl\/index.php\/produkcja-indywidualna\/\",\"url\":\"https:\/\/ebk.pl\/index.php\/produkcja-indywidualna\/\",\"name\":\"Produkcja Indywidualna - EBK Reklama\",\"isPartOf\":{\"@id\":\"https:\/\/ebk.pl\/#website\"},\"datePublished\":\"2022-08-17T12:04:57+00:00\",\"dateModified\":\"2023-03-14T14:25:49+00:00\",\"breadcrumb\":{\"@id\":\"https:\/\/ebk.pl\/index.php\/produkcja-indywidualna\/#breadcrumb\"},\"inLanguage\":\"pl-PL\",\"potentialAction\":[{\"@type\":\"ReadAction\",\"target\":[\"https:\/\/ebk.pl\/index.php\/produkcja-indywidualna\/\"]}]},{\"@type\":\"BreadcrumbList\",\"@id\":\"https:\/\/ebk.pl\/index.php\/produkcja-indywidualna\/#breadcrumb\",\"itemListElement\":[{\"@type\":\"ListItem\",\"position\":1,\"name\":\"Strona g\u0142\u00f3wna\",\"item\":\"https:\/\/ebk.pl\/\"},{\"@type\":\"ListItem\",\"position\":2,\"name\":\"Produkcja Indywidualna\"}]},{\"@type\":\"WebSite\",\"@id\":\"https:\/\/ebk.pl\/#website\",\"url\":\"https:\/\/ebk.pl\/\",\"name\":\"EBK Reklama\",\"description\":\"EBK Partner w Reklamie\",\"publisher\":{\"@id\":\"https:\/\/ebk.pl\/#organization\"},\"alternateName\":\"Gad\u017cety dla firm\",\"potentialAction\":[{\"@type\":\"SearchAction\",\"target\":{\"@type\":\"EntryPoint\",\"urlTemplate\":\"https:\/\/ebk.pl\/?s={search_term_string}\"},\"query-input\":\"required name=search_term_string\"}],\"inLanguage\":\"pl-PL\"},{\"@type\":\"Organization\",\"@id\":\"https:\/\/ebk.pl\/#organization\",\"name\":\"EBK Reklama\",\"alternateName\":\"EBK Partner w Reklamie\",\"url\":\"https:\/\/ebk.pl\/\",\"logo\":{\"@type\":\"ImageObject\",\"inLanguage\":\"pl-PL\",\"@id\":\"https:\/\/ebk.pl\/#\/schema\/logo\/image\/\",\"url\":\"https:\/\/ebk.pl\/wp-content\/uploads\/2022\/07\/Purpl_LOGO-1.png\",\"contentUrl\":\"https:\/\/ebk.pl\/wp-content\/uploads\/2022\/07\/Purpl_LOGO-1.png\",\"width\":858,\"height\":571,\"caption\":\"EBK Reklama\"},\"image\":{\"@id\":\"https:\/\/ebk.pl\/#\/schema\/logo\/image\/\"},\"sameAs\":[\"https:\/\/www.facebook.com\/EBKAgencjaReklamowa\/\",\"https:\/\/www.instagram.com\/ebk_reklama\/\",\"https:\/\/www.linkedin.com\/company\/ebk-partner-w-reklamie\/\"]}]}<\/script>\n<!-- \/ Yoast SEO plugin. -->","yoast_head_json":{"title":"Produkcja Indywidualna - EBK Reklama","robots":{"index":"index","follow":"follow","max-snippet":"max-snippet:-1","max-image-preview":"max-image-preview:large","max-video-preview":"max-video-preview:-1"},"canonical":"https:\/\/ebk.pl\/index.php\/produkcja-indywidualna\/","og_locale":"pl_PL","og_type":"article","og_title":"Produkcja Indywidualna - EBK Reklama","og_url":"https:\/\/ebk.pl\/index.php\/produkcja-indywidualna\/","og_site_name":"EBK Reklama","article_publisher":"https:\/\/www.facebook.com\/EBKAgencjaReklamowa\/","article_modified_time":"2023-03-14T14:25:49+00:00","og_image":[{"width":512,"height":471,"url":"https:\/\/ebk.pl\/wp-content\/uploads\/2022\/09\/LOGO-EBK-Favikon.jpg","type":"image\/jpeg"}],"twitter_card":"summary_large_image","twitter_misc":{"Szacowany czas czytania":"4 minuty"},"schema":{"@context":"https:\/\/schema.org","@graph":[{"@type":"WebPage","@id":"https:\/\/ebk.pl\/index.php\/produkcja-indywidualna\/","url":"https:\/\/ebk.pl\/index.php\/produkcja-indywidualna\/","name":"Produkcja Indywidualna - EBK Reklama","isPartOf":{"@id":"https:\/\/ebk.pl\/#website"},"datePublished":"2022-08-17T12:04:57+00:00","dateModified":"2023-03-14T14:25:49+00:00","breadcrumb":{"@id":"https:\/\/ebk.pl\/index.php\/produkcja-indywidualna\/#breadcrumb"},"inLanguage":"pl-PL","potentialAction":[{"@type":"ReadAction","target":["https:\/\/ebk.pl\/index.php\/produkcja-indywidualna\/"]}]},{"@type":"BreadcrumbList","@id":"https:\/\/ebk.pl\/index.php\/produkcja-indywidualna\/#breadcrumb","itemListElement":[{"@type":"ListItem","position":1,"name":"Strona g\u0142\u00f3wna","item":"https:\/\/ebk.pl\/"},{"@type":"ListItem","position":2,"name":"Produkcja Indywidualna"}]},{"@type":"WebSite","@id":"https:\/\/ebk.pl\/#website","url":"https:\/\/ebk.pl\/","name":"EBK Reklama","description":"EBK Partner w Reklamie","publisher":{"@id":"https:\/\/ebk.pl\/#organization"},"alternateName":"Gad\u017cety dla firm","potentialAction":[{"@type":"SearchAction","target":{"@type":"EntryPoint","urlTemplate":"https:\/\/ebk.pl\/?s={search_term_string}"},"query-input":"required name=search_term_string"}],"inLanguage":"pl-PL"},{"@type":"Organization","@id":"https:\/\/ebk.pl\/#organization","name":"EBK Reklama","alternateName":"EBK Partner w Reklamie","url":"https:\/\/ebk.pl\/","logo":{"@type":"ImageObject","inLanguage":"pl-PL","@id":"https:\/\/ebk.pl\/#\/schema\/logo\/image\/","url":"https:\/\/ebk.pl\/wp-content\/uploads\/2022\/07\/Purpl_LOGO-1.png","contentUrl":"https:\/\/ebk.pl\/wp-content\/uploads\/2022\/07\/Purpl_LOGO-1.png","width":858,"height":571,"caption":"EBK Reklama"},"image":{"@id":"https:\/\/ebk.pl\/#\/schema\/logo\/image\/"},"sameAs":["https:\/\/www.facebook.com\/EBKAgencjaReklamowa\/","https:\/\/www.instagram.com\/ebk_reklama\/","https:\/\/www.linkedin.com\/company\/ebk-partner-w-reklamie\/"]}]}},"_links":{"self":[{"href":"https:\/\/ebk.pl\/index.php\/wp-json\/wp\/v2\/pages\/1634"}],"collection":[{"href":"https:\/\/ebk.pl\/index.php\/wp-json\/wp\/v2\/pages"}],"about":[{"href":"https:\/\/ebk.pl\/index.php\/wp-json\/wp\/v2\/types\/page"}],"author":[{"embeddable":true,"href":"https:\/\/ebk.pl\/index.php\/wp-json\/wp\/v2\/users\/1"}],"replies":[{"embeddable":true,"href":"https:\/\/ebk.pl\/index.php\/wp-json\/wp\/v2\/comments?post=1634"}],"version-history":[{"count":15,"href":"https:\/\/ebk.pl\/index.php\/wp-json\/wp\/v2\/pages\/1634\/revisions"}],"predecessor-version":[{"id":3888,"href":"https:\/\/ebk.pl\/index.php\/wp-json\/wp\/v2\/pages\/1634\/revisions\/3888"}],"wp:attachment":[{"href":"https:\/\/ebk.pl\/index.php\/wp-json\/wp\/v2\/media?parent=1634"}],"curies":[{"name":"wp","href":"https:\/\/api.w.org\/{rel}","templated":true}]}}