{"id":2770,"date":"2023-01-28T14:09:27","date_gmt":"2023-01-28T14:09:27","guid":{"rendered":"https:\/\/ebk.pl\/index.php\/rejestracja-2\/"},"modified":"2023-01-30T13:43:12","modified_gmt":"2023-01-30T13:43:12","slug":"rejestracja-2","status":"publish","type":"page","link":"https:\/\/ebk.pl\/index.php\/rejestracja-2\/","title":{"rendered":"Rejestracja Klienta"},"content":{"rendered":"<p><b class=\"rm-shortcode-tour\"><!--noptimize--><div class=\"rmagic rm_theme_default rm_layout_label_top\"><style><\/style><style><\/style><div class=\"rmcontent\"><pre class=\"rm-pre-wrapper-for-script-tags\"><script>\r\n                \r\nif (typeof window['rm_multipage'] == 'undefined') {\r\n\r\n    rm_multipage = {\r\n        global_page_no_form_1_1: 1\r\n    };\r\n\r\n}\r\nelse\r\n rm_multipage.global_page_no_form_1_1 = 1;\r\n\r\nfunction gotonext_form_1_1(){\r\n        \/* Making sure action attribute is empty *\/\r\n        jQuery(\"form.rmagic-form\").attr(\"action\",\"\");\r\n        maxpage = 1 ;\r\n        var form_object= jQuery(\"#rm_form_page_form_1_1_\"+rm_multipage.global_page_no_form_1_1).closest(\"form\");\r\n        var submit_btn= form_object.find(\"[type=submit]:not(.rm_noscript_btn)\");\r\n        jQuery.validator.setDefaults({errorClass: 'rm-form-field-invalid-msg',\r\n                ignore:':hidden,.ignore,:not(:visible),.rm_untouched',wrapper:'div',\r\n                errorPlacement: function(error, element) {\r\n                    \/\/error.appendTo(element.closest('.rminput'));\r\n                    error.appendTo(element.closest('div'));\r\n                },\r\n                rules: {\r\n                    email_confirmation: {\r\n                        required: true,\r\n                        equalTo: \"#rm_reg_form_email_1_1\"\r\n                    }\r\n                },\r\n                messages: {\r\n                    email_confirmation: {\r\n                        equalTo: \"Emails do not match\"\r\n                    }\r\n                }\r\n            });\r\n        form_object.find('input.rm_price_field_quantity').each(function() {\r\n            if(typeof jQuery(this).attr('min') == 'undefined') {\r\n                jQuery(this).attr('min', 0);\r\n            }\r\n        });\r\n        if(form_object.find('.rm_privacy_cb').is(':visible')) {\r\n            if(!form_object.find('.rm_privacy_cb').prop('checked')){\r\n                form_object.find('.rm_privacy_cb').trigger('change');\r\n                return false;\r\n            }\r\n        }\r\n        if(jQuery(\"#rm_form_page_form_1_1_\"+rm_multipage.global_page_no_form_1_1+\" :input\").length > 0)\r\n        {\r\n            var elements_to_validate= jQuery(\"#rm_form_page_form_1_1_\"+rm_multipage.global_page_no_form_1_1+\" :input\");\r\n            var valid = elements_to_validate.valid();\r\n            elements_to_validate.each(function(){\r\n            var if_mobile= jQuery(this).attr('data-mobile-intel-field');\r\n                if(if_mobile){\r\n                    var tel_error= rm_toggle_tel_error(jQuery(this).intlTelInput('isValidNumber'),jQuery(this),jQuery(this).data('error-message'));\r\n                    if(tel_error){\r\n                        valid= false;\r\n                    }\r\n                    else\r\n                    {\r\n                        jQuery(this).val(jQuery(this).intlTelInput('getNumber'));\r\n                    }\r\n                }\r\n            });\r\n                \r\n            if(!valid)\r\n            {\r\n                setTimeout(function(){ submit_btn.prop('disabled',false); }, 1000);\r\n                var error_element= jQuery(document).find(\"input.rm-form-field-invalid-msg\")[0];\r\n                if(error_element){\r\n                    error_element.focus();\r\n                }\r\n                return false;\r\n            }\r\n        }\r\n        \r\n        \/* Server validation for Username and Email field *\/\r\n        for(var i=0;i<rm_validation_attr.length;i++){\r\n            var validation_flag= true;\r\n            jQuery(\"[\" + rm_validation_attr[i] + \"=0]\").each(function(){\r\n               validation_flag= false;\r\n               return false;\r\n            });\r\n            \r\n            if(!validation_flag)\r\n              return;\r\n        }\r\n        \r\n        \r\n        rm_multipage.global_page_no_form_1_1++;\r\n        \r\n        \/*skip blank form pages*\/\r\n        while(jQuery(\"#rm_form_page_form_1_1_\"+rm_multipage.global_page_no_form_1_1+\" :input\").length == 0)\r\n        {\r\n        \r\n            if(maxpage <= rm_multipage.global_page_no_form_1_1)\r\n            {\r\n                    if(jQuery(\"#rm_form_page_form_1_1_\"+rm_multipage.global_page_no_form_1_1+\" :input\").length == 0){\r\n                        jQuery(\"#rm_next_form_page_button_1_1\").prop('type','submit');\r\n                        jQuery(\"#rm_prev_form_page_button_1_1\").prop('disabled',true);\r\n                        return;\r\n                    }        \r\n                    else\r\n                        break;\r\n            }\r\n        \r\n            rm_multipage.global_page_no_form_1_1++;\r\n        }\r\n            \r\n\t\r\n\tif(maxpage < rm_multipage.global_page_no_form_1_1)\r\n\t{\r\n\t\trm_multipage.global_page_no_form_1_1 = maxpage;\r\n\t\tjQuery(\"#rm_next_form_page_button_1_1\").prop('type','submit');\r\n                jQuery(\"#rm_prev_form_page_button_1_1\").prop('disabled',true);\r\n\t\treturn;\r\n\t}\r\n\tjQuery(\".rmformpage_form_1_1\").each(function (){\r\n\t\tvar visibledivid = \"rm_form_page_form_1_1_\"+rm_multipage.global_page_no_form_1_1;\r\n\t\tif(jQuery(this).attr('id') == visibledivid)\r\n\t\t\tjQuery(this).show();\r\n\t\telse\r\n\t\t\tjQuery(this).hide();\r\n\t});\r\n        jQuery('html, body').animate({\r\n            scrollTop: (jQuery('.rmformpage_form_1_1').first().offset().top)\r\n        },500);\r\n        jQuery(\"#rm_prev_form_page_button_1_1\").prop('disabled',false);\r\n        rmInitGoogleApi();\r\n}\r\nfunction gotoprev_form_1_1(){\r\n\t\r\n\tmaxpage = 1 ;\r\n        var form_object= jQuery(\"#rm_form_page_form_1_1_\"+rm_multipage.global_page_no_form_1_1).closest(\"form\");\r\n\trm_multipage.global_page_no_form_1_1--;\r\n        jQuery(\"#rm_next_form_page_button_1_1\").attr('type','button');\r\n        \/*\r\n        if(form_object.find('.rm_privacy_cb').is(':visible')) {\r\n            if(!form_object.find('.rm_privacy_cb').prop('checked')){\r\n                form_object.find('.rm_privacy_cb').trigger('change');\r\n                return false;\r\n            }\r\n        }\r\n        *\/\r\n        \/*skip blank form pages*\/\r\n        while(jQuery(\"#rm_form_page_form_1_1_\"+rm_multipage.global_page_no_form_1_1+\" :input\").length == 0)\r\n        {\r\n            if(1 >= rm_multipage.global_page_no_form_1_1)\r\n            {\r\n                    if(jQuery(\"#rm_form_page_form_1_1_\"+rm_multipage.global_page_no_form_1_1+\" :input\").length == 0){\r\n                        rm_multipage.global_page_no_form_1_1 = 1;\r\n                        jQuery(\"#rm_prev_form_page_button_1_1\").prop('disabled',true);\r\n                        return;\r\n                    }        \r\n                    else\r\n                        break;\r\n            }\r\n        \r\n            rm_multipage.global_page_no_form_1_1--;\r\n        }\r\n        \r\n\tjQuery(\".rmformpage_form_1_1\").each(function (){\r\n\t\tvar visibledivid = \"rm_form_page_form_1_1_\"+rm_multipage.global_page_no_form_1_1;\r\n\t\tif(jQuery(this).attr('id') == visibledivid)\r\n\t\t\tjQuery(this).show();\r\n\t\telse\r\n\t\t\tjQuery(this).hide();\r\n\t});\r\n        \r\n        if(rm_multipage.global_page_no_form_1_1 <= 1)\r\n        {\r\n            rm_multipage.global_page_no_form_1_1 = 1;\r\n            jQuery(\"#rm_prev_form_page_button_1_1\").prop('disabled',true);\r\n        }\r\n        jQuery('html, body').animate({\r\n            scrollTop: (jQuery('.rmformpage_form_1_1').first().offset().top)\r\n        },500);\r\n}         \r\n<\/script><\/pre><style type=\"text\/css\">label span.required { color: #B94A48; }span.help-inline, span.help-block { color: #888; font-size: .9em; font-style: italic; }<\/style><form novalidate onsubmit=\"return gotonext_form_1_1()\" autocomplete=\"off\" action id=\"form_1_1\" method=\"post\" class=\"rmagic-form rmagic-form-btn-center form-vertical\" name=\"rm_form\" number=\"1\" style=\"\"><fieldset><input type=\"hidden\" name=\"rm_form_sub_id\" value=form_1_1><input type=\"hidden\" name=\"rm_form_sub_no\" value=1><input type=\"hidden\" name=\"rm_cond_hidden_fields\" id=\"rm_cond_hidden_fields\" value=\"\"><div class=\"rmheader\"><p>Prosz\u0119 wype\u0142ni\u0107 poni\u017cszy formularz, aby si\u0119 z nami skontaktowa\u0107.<\/p><\/div><div id=\"rm_stat_container\"><div class=\"rmagic-field\"><label class=\"rmfield\" for=\"form_1_1-element-2\" style=\"\">RM_Stats<\/label><div class=\"rminput\"><input type=\"text\" name=\"stat_id\" value=\"__uninit\" style=\"display:none\" id=\"form_1_1-element-2\"\/><\/div><\/div><\/div><div class=\"rm_form_page rmformpage_form_1_1\" id=\"rm_form_page_form_1_1_1\"><fieldset class='rmfieldset'><div class=\"rmagic-row\" data-bmargin=\"0\"><div class=\"rmagic-fields-wrap\"><div class=\"rmagic-col rmagic-col-12\"><div class=\"rmagic-field\"><label class=\"rmfield\" for=\"rm_reg_form_email_1_1\" style=\"\">Email<sup class=\"required\">&nbsp;*<\/sup><\/label><div class=\"rminput\"><input type=\"email\" name=\"Email_1\" required value=\"\" id=\"rm_reg_form_email_1_1\"\/><\/div><\/div><\/div><\/div><\/div><div class=\"rmagic-row\" data-bmargin=\"0\"><div class=\"rmagic-fields-wrap\"><div class=\"rmagic-col rmagic-col-12\"><div class=\"rmagic-field\"><label class=\"rmfield\" for=\"form_1_1-element-16\" style=\"\">Name<\/label><div class=\"rminput\"><input type=\"text\" name=\"Textbox_2\" field_validation custom_validation value=\"\" id=\"form_1_1-element-16\"\/><\/div><\/div><\/div><\/div><\/div><div class=\"rmagic-row\" data-bmargin=\"0\"><div class=\"rmagic-fields-wrap\"><div class=\"rmagic-col rmagic-col-12\"><div class=\"rmagic-field\"><label class=\"rmfield\" for=\"form_1_1-element-23\" style=\"\">Message<\/label><div class=\"rminput\"><textarea rows=\"5\" name=\"Textarea_3\" field_validation custom_validation id=\"form_1_1-element-23\"><\/textarea><\/div><\/div><\/div><\/div><\/div><div class=\"rmagic-row\" data-bmargin=\"0\"><div class=\"rmagic-fields-wrap\"><div class=\"rmagic-col rmagic-col-12\"><div class=\"rmagic-field\"><label class=\"rmfield\" for=\"rm_mobile_4_1_1\" style=\"\">Phone<\/label><div class=\"rminput\"><input type=\"text\" name=\"Mobile_4\" field_validation custom_validation value id=\"rm_mobile_4_1_1\" data-error-message=\"This does not appears to be a valid mobile number.\" placeholder=\"(000)-000-0000\" pattern=\".{14}\"\/><\/div><\/div><\/div><\/div><\/div><div class=\"rmagic-field rm_captcha_fieldrow\"><div class=\"rminput\"><input type=\"hidden\" class=\"g-recaptcha-response\" id=\"g-recaptcha-response\" name=\"g-recaptcha-response\"><script type=text\/javascript>if(typeof rm_captcha_site_key === \"undefined\")rm_captcha_site_key=\"6LcTVAQiAAAAADpt9xvh-kbIv5aiO0gbohmMo1eF\";<\/script><\/pre><style>.rm_captcha_fieldrow{display:none;}<\/style><\/div><\/div><\/fieldset><\/div><div class=\"buttonarea\"><input   type=\"submit\" value=\"Send\" name=\"rm_sb_btn\" style=\"\" id=\"rm_next_form_page_button_1_1\" class=\"rm_next_btn rm-btn rm-btn-primary\"\/> <input   type=\"submit\" value=\"Send\" name=\"rm_sb_btn\" style=\"\" class=\"rm_noscript_btn rm-btn rm-btn-primary\" id=\"form_1_1-element-38\"\/><\/div><\/fieldset><\/form><pre class=\"rm-pre-wrapper-for-script-tags\"><script type=\"text\/javascript\">jQuery(document).ready(function() {\t\tjQuery(\"#form_1_1\").bind(\"submit\", function(){\r\n                        \/\/jQuery(this).find(\"input[name=rm_slug]\").attr(\"value\",jQuery(this).find(\"input[name=submit]\").attr(\"value\"));\r\n\t\t\tjQuery(this).find(\"input[type=submit]\").attr(\"disabled\", \"disabled\"); \r\n\t\t});            \r\n                   \r\n                   jQuery(\"#rm_reg_form_email_1_1\").change(function(){\r\n                   var data = {\r\n                           'action': 'rm_user_exists',\r\n                           'rm_sec_nonce': '78dab884fc',\r\n                           'rm_slug': 'rm_user_exists',\r\n                           'email': jQuery(this).val(),\r\n                           'attr': 'data-rm-valid-email',\r\n                           'form_id':\"1\"\r\n                   };\r\n                   \r\n                   rm_user_exists(this,rm_ajax_url,data);\r\n                  \r\n                 });\r\n           }); <\/script><\/pre>        <noscript>\r\n            <div class=\"rm-js-disabled\"><b>Uwaga: Wygl\u0105da na to, \u017ce JavaScript jest wy\u0142\u0105czony w Twojej przegl\u0105darce. Niekt\u00f3re elementy tego formularza mo\u017ce wymaga\u0107 JavaScript do poprawnego dzia\u0142ania. Je\u015bli masz problemy z przes\u0142aniem formularza, spr\u00f3buj w\u0142\u0105czy\u0107 JavaScript na chwil\u0119 i ponownie przes\u0142a\u0107. Ustawienia JavaScript zwykle znajduj\u0105 si\u0119 w ustawieniach przegl\u0105darki lub w menu dewelopera przegl\u0105darki.<\/b><\/div>\r\n            <style>\r\n                .rm_next_btn {display:none !important}\r\n                .rm_noscript_btn {display: block !important}\r\n            <\/style>\r\n        <\/noscript>\r\n    <\/div><\/div><!--\/noptimize--><\/b><\/p>\n","protected":false},"excerpt":{"rendered":"","protected":false},"author":1,"featured_media":0,"parent":0,"menu_order":0,"comment_status":"closed","ping_status":"closed","template":"","meta":[],"yoast_head":"<!-- This site is optimized with the Yoast SEO plugin v20.3 - https:\/\/yoast.com\/wordpress\/plugins\/seo\/ -->\n<title>Rejestracja Klienta - EBK Reklama<\/title>\n<meta name=\"robots\" content=\"index, follow, max-snippet:-1, max-image-preview:large, max-video-preview:-1\" \/>\n<link rel=\"canonical\" href=\"https:\/\/ebk.pl\/index.php\/rejestracja-2\/\" \/>\n<meta property=\"og:locale\" content=\"pl_PL\" \/>\n<meta property=\"og:type\" content=\"article\" \/>\n<meta property=\"og:title\" content=\"Rejestracja Klienta - EBK Reklama\" \/>\n<meta property=\"og:url\" content=\"https:\/\/ebk.pl\/index.php\/rejestracja-2\/\" \/>\n<meta property=\"og:site_name\" content=\"EBK Reklama\" \/>\n<meta property=\"article:publisher\" content=\"https:\/\/www.facebook.com\/EBKAgencjaReklamowa\/\" \/>\n<meta property=\"article:modified_time\" content=\"2023-01-30T13:43:12+00:00\" \/>\n<meta property=\"og:image\" content=\"https:\/\/ebk.pl\/wp-content\/uploads\/2022\/09\/LOGO-EBK-Favikon.jpg\" \/>\n\t<meta property=\"og:image:width\" content=\"512\" \/>\n\t<meta property=\"og:image:height\" content=\"471\" \/>\n\t<meta property=\"og:image:type\" content=\"image\/jpeg\" \/>\n<meta name=\"twitter:card\" content=\"summary_large_image\" \/>\n<meta name=\"twitter:label1\" content=\"Szacowany czas czytania\" \/>\n\t<meta name=\"twitter:data1\" content=\"1 minuta\" \/>\n<script type=\"application\/ld+json\" class=\"yoast-schema-graph\">{\"@context\":\"https:\/\/schema.org\",\"@graph\":[{\"@type\":\"WebPage\",\"@id\":\"https:\/\/ebk.pl\/index.php\/rejestracja-2\/\",\"url\":\"https:\/\/ebk.pl\/index.php\/rejestracja-2\/\",\"name\":\"Rejestracja Klienta - EBK Reklama\",\"isPartOf\":{\"@id\":\"https:\/\/ebk.pl\/#website\"},\"datePublished\":\"2023-01-28T14:09:27+00:00\",\"dateModified\":\"2023-01-30T13:43:12+00:00\",\"breadcrumb\":{\"@id\":\"https:\/\/ebk.pl\/index.php\/rejestracja-2\/#breadcrumb\"},\"inLanguage\":\"pl-PL\",\"potentialAction\":[{\"@type\":\"ReadAction\",\"target\":[\"https:\/\/ebk.pl\/index.php\/rejestracja-2\/\"]}]},{\"@type\":\"BreadcrumbList\",\"@id\":\"https:\/\/ebk.pl\/index.php\/rejestracja-2\/#breadcrumb\",\"itemListElement\":[{\"@type\":\"ListItem\",\"position\":1,\"name\":\"Strona g\u0142\u00f3wna\",\"item\":\"https:\/\/ebk.pl\/\"},{\"@type\":\"ListItem\",\"position\":2,\"name\":\"Rejestracja Klienta\"}]},{\"@type\":\"WebSite\",\"@id\":\"https:\/\/ebk.pl\/#website\",\"url\":\"https:\/\/ebk.pl\/\",\"name\":\"EBK Reklama\",\"description\":\"EBK Partner w Reklamie\",\"publisher\":{\"@id\":\"https:\/\/ebk.pl\/#organization\"},\"alternateName\":\"Gad\u017cety dla firm\",\"potentialAction\":[{\"@type\":\"SearchAction\",\"target\":{\"@type\":\"EntryPoint\",\"urlTemplate\":\"https:\/\/ebk.pl\/?s={search_term_string}\"},\"query-input\":\"required name=search_term_string\"}],\"inLanguage\":\"pl-PL\"},{\"@type\":\"Organization\",\"@id\":\"https:\/\/ebk.pl\/#organization\",\"name\":\"EBK Reklama\",\"alternateName\":\"EBK Partner w Reklamie\",\"url\":\"https:\/\/ebk.pl\/\",\"logo\":{\"@type\":\"ImageObject\",\"inLanguage\":\"pl-PL\",\"@id\":\"https:\/\/ebk.pl\/#\/schema\/logo\/image\/\",\"url\":\"https:\/\/ebk.pl\/wp-content\/uploads\/2022\/07\/Purpl_LOGO-1.png\",\"contentUrl\":\"https:\/\/ebk.pl\/wp-content\/uploads\/2022\/07\/Purpl_LOGO-1.png\",\"width\":858,\"height\":571,\"caption\":\"EBK Reklama\"},\"image\":{\"@id\":\"https:\/\/ebk.pl\/#\/schema\/logo\/image\/\"},\"sameAs\":[\"https:\/\/www.facebook.com\/EBKAgencjaReklamowa\/\",\"https:\/\/www.instagram.com\/ebk_reklama\/\",\"https:\/\/www.linkedin.com\/company\/ebk-partner-w-reklamie\/\"]}]}<\/script>\n<!-- \/ Yoast SEO plugin. -->","yoast_head_json":{"title":"Rejestracja Klienta - EBK Reklama","robots":{"index":"index","follow":"follow","max-snippet":"max-snippet:-1","max-image-preview":"max-image-preview:large","max-video-preview":"max-video-preview:-1"},"canonical":"https:\/\/ebk.pl\/index.php\/rejestracja-2\/","og_locale":"pl_PL","og_type":"article","og_title":"Rejestracja Klienta - EBK Reklama","og_url":"https:\/\/ebk.pl\/index.php\/rejestracja-2\/","og_site_name":"EBK Reklama","article_publisher":"https:\/\/www.facebook.com\/EBKAgencjaReklamowa\/","article_modified_time":"2023-01-30T13:43:12+00:00","og_image":[{"width":512,"height":471,"url":"https:\/\/ebk.pl\/wp-content\/uploads\/2022\/09\/LOGO-EBK-Favikon.jpg","type":"image\/jpeg"}],"twitter_card":"summary_large_image","twitter_misc":{"Szacowany czas czytania":"1 minuta"},"schema":{"@context":"https:\/\/schema.org","@graph":[{"@type":"WebPage","@id":"https:\/\/ebk.pl\/index.php\/rejestracja-2\/","url":"https:\/\/ebk.pl\/index.php\/rejestracja-2\/","name":"Rejestracja Klienta - EBK Reklama","isPartOf":{"@id":"https:\/\/ebk.pl\/#website"},"datePublished":"2023-01-28T14:09:27+00:00","dateModified":"2023-01-30T13:43:12+00:00","breadcrumb":{"@id":"https:\/\/ebk.pl\/index.php\/rejestracja-2\/#breadcrumb"},"inLanguage":"pl-PL","potentialAction":[{"@type":"ReadAction","target":["https:\/\/ebk.pl\/index.php\/rejestracja-2\/"]}]},{"@type":"BreadcrumbList","@id":"https:\/\/ebk.pl\/index.php\/rejestracja-2\/#breadcrumb","itemListElement":[{"@type":"ListItem","position":1,"name":"Strona g\u0142\u00f3wna","item":"https:\/\/ebk.pl\/"},{"@type":"ListItem","position":2,"name":"Rejestracja Klienta"}]},{"@type":"WebSite","@id":"https:\/\/ebk.pl\/#website","url":"https:\/\/ebk.pl\/","name":"EBK Reklama","description":"EBK Partner w Reklamie","publisher":{"@id":"https:\/\/ebk.pl\/#organization"},"alternateName":"Gad\u017cety dla firm","potentialAction":[{"@type":"SearchAction","target":{"@type":"EntryPoint","urlTemplate":"https:\/\/ebk.pl\/?s={search_term_string}"},"query-input":"required name=search_term_string"}],"inLanguage":"pl-PL"},{"@type":"Organization","@id":"https:\/\/ebk.pl\/#organization","name":"EBK Reklama","alternateName":"EBK Partner w Reklamie","url":"https:\/\/ebk.pl\/","logo":{"@type":"ImageObject","inLanguage":"pl-PL","@id":"https:\/\/ebk.pl\/#\/schema\/logo\/image\/","url":"https:\/\/ebk.pl\/wp-content\/uploads\/2022\/07\/Purpl_LOGO-1.png","contentUrl":"https:\/\/ebk.pl\/wp-content\/uploads\/2022\/07\/Purpl_LOGO-1.png","width":858,"height":571,"caption":"EBK Reklama"},"image":{"@id":"https:\/\/ebk.pl\/#\/schema\/logo\/image\/"},"sameAs":["https:\/\/www.facebook.com\/EBKAgencjaReklamowa\/","https:\/\/www.instagram.com\/ebk_reklama\/","https:\/\/www.linkedin.com\/company\/ebk-partner-w-reklamie\/"]}]}},"_links":{"self":[{"href":"https:\/\/ebk.pl\/index.php\/wp-json\/wp\/v2\/pages\/2770"}],"collection":[{"href":"https:\/\/ebk.pl\/index.php\/wp-json\/wp\/v2\/pages"}],"about":[{"href":"https:\/\/ebk.pl\/index.php\/wp-json\/wp\/v2\/types\/page"}],"author":[{"embeddable":true,"href":"https:\/\/ebk.pl\/index.php\/wp-json\/wp\/v2\/users\/1"}],"replies":[{"embeddable":true,"href":"https:\/\/ebk.pl\/index.php\/wp-json\/wp\/v2\/comments?post=2770"}],"version-history":[{"count":3,"href":"https:\/\/ebk.pl\/index.php\/wp-json\/wp\/v2\/pages\/2770\/revisions"}],"predecessor-version":[{"id":2818,"href":"https:\/\/ebk.pl\/index.php\/wp-json\/wp\/v2\/pages\/2770\/revisions\/2818"}],"wp:attachment":[{"href":"https:\/\/ebk.pl\/index.php\/wp-json\/wp\/v2\/media?parent=2770"}],"curies":[{"name":"wp","href":"https:\/\/api.w.org\/{rel}","templated":true}]}}