{"id":3,"date":"2022-07-27T14:17:51","date_gmt":"2022-07-27T14:17:51","guid":{"rendered":"https:\/\/ebk.pl\/?page_id=3"},"modified":"2022-09-23T11:19:25","modified_gmt":"2022-09-23T11:19:25","slug":"privacy-policy","status":"publish","type":"page","link":"https:\/\/ebk.pl\/index.php\/privacy-policy\/","title":{"rendered":"Polityka prywatno\u015bci"},"content":{"rendered":"<div class=\"fusion-fullwidth fullwidth-box fusion-builder-row-1 fusion-flex-container nonhundred-percent-fullwidth non-hundred-percent-height-scrolling\" style=\"background-color: rgba(255,255,255,0);background-position: center center;background-repeat: no-repeat;border-width: 0px 0px 0px 0px;border-color:var(--awb-color3);border-style:solid;\" ><div class=\"fusion-builder-row fusion-row fusion-flex-align-items-flex-start\" style=\"max-width:1435.2px;margin-left: calc(-4% \/ 2 );margin-right: calc(-4% \/ 2 );\"><div class=\"fusion-layout-column fusion_builder_column fusion-builder-column-0 fusion_builder_column_1_1 1_1 fusion-flex-column\"><div class=\"fusion-column-wrapper fusion-flex-justify-content-flex-start fusion-content-layout-column\" style=\"background-position:left top;background-blend-mode: overlay;background-repeat:no-repeat;-webkit-background-size:cover;-moz-background-size:cover;-o-background-size:cover;background-size:cover;padding: 0px 0px 0px 0px;\"><div class=\"fusion-text fusion-text-1\"><p><strong>Kim jeste\u015bmy<\/strong><br \/>\nProponowany tekst: Adres naszej strony internetowej to: https:\/\/ebk.pl.<\/p>\n<p><strong>Uwagi<\/strong><br \/>\nSugerowany tekst: Kiedy odwiedzaj\u0105cy zostawiaj\u0105 komentarze w witrynie, zbieramy dane pokazane w formularzu komentarzy, a tak\u017ce adres IP odwiedzaj\u0105cego i ci\u0105g agenta u\u017cytkownika przegl\u0105darki, aby pom\u00f3c w wykrywaniu spamu.<\/p>\n<p>Zanonimizowany ci\u0105g znak\u00f3w utworzony na podstawie Twojego adresu e-mail (zwany r\u00f3wnie\u017c hashem) mo\u017ce zosta\u0107 przes\u0142any do us\u0142ugi Gravatar, aby sprawdzi\u0107, czy jej u\u017cywasz. Polityka prywatno\u015bci us\u0142ugi Gravatar jest dost\u0119pna tutaj: https:\/\/automattic.com\/privacy\/. Po zatwierdzeniu Twojego komentarza Tw\u00f3j obrazek profilowy jest widoczny publicznie w kontek\u015bcie Twojego komentarza.<\/p>\n<p><strong>G\u0142oska bezd\u017awi\u0119czna<\/strong><br \/>\nSugerowany tekst: Je\u015bli przesy\u0142asz obrazy do witryny, nale\u017cy unika\u0107 przesy\u0142ania obraz\u00f3w z osadzonymi danymi lokalizacji (EXIF GPS). Odwiedzaj\u0105cy witryn\u0119 mog\u0105 pobiera\u0107 i wyodr\u0119bnia\u0107 dowolne dane o lokalizacji z obraz\u00f3w w witrynie.<\/p>\n<p><strong>Ciasteczka<\/strong><br \/>\nSugerowany tekst: Je\u015bli zostawisz komentarz na naszej stronie, mo\u017cesz wyrazi\u0107 zgod\u0119 na zapisywanie swojego imienia i nazwiska, adresu e-mail i strony internetowej w plikach cookie. S\u0105 one dla Twojej wygody, aby\u015b nie musia\u0142 ponownie wpisywa\u0107 swoich danych, gdy zostawisz kolejny komentarz. Te pliki cookie b\u0119d\u0105 dzia\u0142a\u0107 przez rok.<\/p>\n<p>Je\u015bli odwiedzisz nasz\u0105 stron\u0119 logowania, utworzymy tymczasowe ciasteczko w celu okre\u015blenia, czy twoja przegl\u0105darka akceptuje ciasteczka. To ciasteczko nie zawiera \u017cadnych danych osobistych i jest wyrzucane po zamkni\u0119ciu przegl\u0105darki.<\/p>\n<p>Po zalogowaniu utworzymy r\u00f3wnie\u017c kilka plik\u00f3w cookie, aby zapisa\u0107 dane logowania i opcje wy\u015bwietlania ekranu. Pliki cookie logowania dzia\u0142aj\u0105 przez dwa dni, a pliki cookie opcji ekranu przez rok. Je\u015bli wybierzesz \u201eZapami\u0119taj mnie\u201d, Twoje logowanie b\u0119dzie trwa\u0142o przez dwa tygodnie. Je\u015bli wylogujesz si\u0119 ze swojego konta, ciasteczka logowania zostan\u0105 usuni\u0119te.<\/p>\n<p>Je\u015bli zmodyfikujesz lub opublikujesz artyku\u0142, w Twojej przegl\u0105darce zostanie zapisane dodatkowe ciasteczko. To ciasteczko nie zawiera \u017cadnych danych osobistych, wskazuj\u0105c po prostu na identyfikator przed chwil\u0105 edytowanego artyku\u0142u. Wygasa po 1 dniu.<\/p>\n<p><strong>Osadzone tre\u015bci z innych stron internetowych<\/strong><br \/>\nSugerowany tekst: Artyku\u0142y w tej witrynie mog\u0105 zawiera\u0107 osadzone tre\u015bci (np. filmy, obrazy, artyku\u0142y itp.). Osadzone tre\u015bci z innych witryn zachowuj\u0105 si\u0119 dok\u0142adnie tak samo, jak gdyby u\u017cytkownik odwiedzi\u0142 inn\u0105 witryn\u0119.<\/p>\n<p>Te witryny mog\u0105 gromadzi\u0107 dane o Tobie, u\u017cywa\u0107 plik\u00f3w cookie, osadza\u0107 dodatkowe \u015bledzenie stron trzecich i monitorowa\u0107 Twoj\u0105 interakcj\u0119 z t\u0105 osadzon\u0105 tre\u015bci\u0105, w tym \u015bledzi\u0107 Twoj\u0105 interakcj\u0119 z osadzon\u0105 tre\u015bci\u0105, je\u015bli masz konto i jeste\u015b zalogowany w tej witrynie.<\/p>\n<p><strong>Komu udost\u0119pniamy Twoje dane<\/strong><br \/>\nSugerowany tekst: Je\u015bli poprosisz o zresetowanie has\u0142a, Tw\u00f3j adres IP zostanie do\u0142\u0105czony do wiadomo\u015bci e-mail dotycz\u0105cej resetowania.<\/p>\n<p><strong>Jak d\u0142ugo przechowujemy Twoje dane<\/strong><br \/>\nSugerowany tekst: je\u015bli zostawisz komentarz, komentarz i jego metadane zostan\u0105 zachowane na czas nieokre\u015blony. Dzi\u0119ki temu mo\u017cemy automatycznie rozpoznawa\u0107 i zatwierdza\u0107 wszelkie komentarze uzupe\u0142niaj\u0105ce, zamiast trzyma\u0107 je w kolejce moderacji.<\/p>\n<p>W przypadku u\u017cytkownik\u00f3w, kt\u00f3rzy zarejestruj\u0105 si\u0119 na naszej stronie internetowej (je\u015bli istniej\u0105), przechowujemy r\u00f3wnie\u017c dane osobowe, kt\u00f3re podaj\u0105 w swoim profilu u\u017cytkownika. Wszyscy u\u017cytkownicy mog\u0105 zobaczy\u0107, edytowa\u0107 lub usun\u0105\u0107 swoje dane osobowe w dowolnym momencie (z wyj\u0105tkiem tego, \u017ce nie mog\u0105 zmieni\u0107 swojej nazwy u\u017cytkownika). Administratorzy serwisu r\u00f3wnie\u017c mog\u0105 przegl\u0105da\u0107 i edytowa\u0107 te informacje.<\/p>\n<p><strong>Jakie masz prawa do swoich danych<\/strong><br \/>\nSugerowany tekst: Je\u015bli masz konto w tej witrynie lub zostawi\u0142e\u015b komentarze, mo\u017cesz poprosi\u0107 o otrzymanie wyeksportowanego pliku danych osobowych, kt\u00f3re posiadamy na Tw\u00f3j temat, w tym wszelkich danych, kt\u00f3re nam przekaza\u0142e\u015b. Mo\u017cesz r\u00f3wnie\u017c za\u017c\u0105da\u0107, aby\u015bmy usun\u0119li wszelkie Twoje dane osobowe, kt\u00f3re posiadamy. Nie obejmuje to \u017cadnych danych, kt\u00f3re jeste\u015bmy zobowi\u0105zani zachowa\u0107 ze wzgl\u0119d\u00f3w administracyjnych, prawnych lub bezpiecze\u0144stwa.<\/p>\n<p><strong>Gdzie wysy\u0142ane s\u0105 Twoje dane<\/strong><br \/>\nSugerowany tekst: Komentarze go\u015bci mog\u0105 by\u0107 sprawdzane za pomoc\u0105 automatycznej us\u0142ugi wykrywania spamu.<\/p>\n<\/div><\/div><style type=\"text\/css\">.fusion-body .fusion-builder-column-0{width:100% !important;margin-top : 0px;margin-bottom : 0px;}.fusion-builder-column-0 > .fusion-column-wrapper {padding-top : 0px !important;padding-right : 0px !important;margin-right : 1.92%;padding-bottom : 0px !important;padding-left : 0px !important;margin-left : 1.92%;}@media only screen and (max-width:1124px) {.fusion-body .fusion-builder-column-0{width:100% !important;}.fusion-builder-column-0 > .fusion-column-wrapper {margin-right : 1.92%;margin-left : 1.92%;}}@media only screen and (max-width:740px) {.fusion-body .fusion-builder-column-0{width:100% !important;}.fusion-builder-column-0 > .fusion-column-wrapper {margin-right : 1.92%;margin-left : 1.92%;}}<\/style><\/div><\/div><style type=\"text\/css\">.fusion-body .fusion-flex-container.fusion-builder-row-1{ padding-top : 0px;margin-top : 0px;padding-right : 0px;padding-bottom : 0px;margin-bottom : 0px;padding-left : 0px;}<\/style><\/div>\n","protected":false},"excerpt":{"rendered":"","protected":false},"author":1,"featured_media":0,"parent":0,"menu_order":0,"comment_status":"closed","ping_status":"open","template":"side-navigation.php","meta":[],"yoast_head":"<!-- This site is optimized with the Yoast SEO plugin v20.3 - https:\/\/yoast.com\/wordpress\/plugins\/seo\/ -->\n<title>Polityka prywatno\u015bci - EBK Reklama<\/title>\n<meta name=\"robots\" content=\"index, follow, max-snippet:-1, max-image-preview:large, max-video-preview:-1\" \/>\n<link rel=\"canonical\" href=\"https:\/\/ebk.pl\/index.php\/privacy-policy\/\" \/>\n<meta property=\"og:locale\" content=\"pl_PL\" \/>\n<meta property=\"og:type\" content=\"article\" \/>\n<meta property=\"og:title\" content=\"Polityka prywatno\u015bci - EBK Reklama\" \/>\n<meta property=\"og:url\" content=\"https:\/\/ebk.pl\/index.php\/privacy-policy\/\" \/>\n<meta property=\"og:site_name\" content=\"EBK Reklama\" \/>\n<meta property=\"article:publisher\" content=\"https:\/\/www.facebook.com\/EBKAgencjaReklamowa\/\" \/>\n<meta property=\"article:modified_time\" content=\"2022-09-23T11:19:25+00:00\" \/>\n<meta property=\"og:image\" content=\"https:\/\/ebk.pl\/wp-content\/uploads\/2022\/09\/LOGO-EBK-Favikon.jpg\" \/>\n\t<meta property=\"og:image:width\" content=\"512\" \/>\n\t<meta property=\"og:image:height\" content=\"471\" \/>\n\t<meta property=\"og:image:type\" content=\"image\/jpeg\" \/>\n<meta name=\"twitter:card\" content=\"summary_large_image\" \/>\n<meta name=\"twitter:label1\" content=\"Szacowany czas czytania\" \/>\n\t<meta name=\"twitter:data1\" content=\"4 minuty\" \/>\n<script type=\"application\/ld+json\" class=\"yoast-schema-graph\">{\"@context\":\"https:\/\/schema.org\",\"@graph\":[{\"@type\":\"WebPage\",\"@id\":\"https:\/\/ebk.pl\/index.php\/privacy-policy\/\",\"url\":\"https:\/\/ebk.pl\/index.php\/privacy-policy\/\",\"name\":\"Polityka prywatno\u015bci - EBK Reklama\",\"isPartOf\":{\"@id\":\"https:\/\/ebk.pl\/#website\"},\"datePublished\":\"2022-07-27T14:17:51+00:00\",\"dateModified\":\"2022-09-23T11:19:25+00:00\",\"breadcrumb\":{\"@id\":\"https:\/\/ebk.pl\/index.php\/privacy-policy\/#breadcrumb\"},\"inLanguage\":\"pl-PL\",\"potentialAction\":[{\"@type\":\"ReadAction\",\"target\":[\"https:\/\/ebk.pl\/index.php\/privacy-policy\/\"]}]},{\"@type\":\"BreadcrumbList\",\"@id\":\"https:\/\/ebk.pl\/index.php\/privacy-policy\/#breadcrumb\",\"itemListElement\":[{\"@type\":\"ListItem\",\"position\":1,\"name\":\"Strona g\u0142\u00f3wna\",\"item\":\"https:\/\/ebk.pl\/\"},{\"@type\":\"ListItem\",\"position\":2,\"name\":\"Polityka prywatno\u015bci\"}]},{\"@type\":\"WebSite\",\"@id\":\"https:\/\/ebk.pl\/#website\",\"url\":\"https:\/\/ebk.pl\/\",\"name\":\"EBK Reklama\",\"description\":\"EBK Partner w Reklamie\",\"publisher\":{\"@id\":\"https:\/\/ebk.pl\/#organization\"},\"alternateName\":\"Gad\u017cety dla firm\",\"potentialAction\":[{\"@type\":\"SearchAction\",\"target\":{\"@type\":\"EntryPoint\",\"urlTemplate\":\"https:\/\/ebk.pl\/?s={search_term_string}\"},\"query-input\":\"required name=search_term_string\"}],\"inLanguage\":\"pl-PL\"},{\"@type\":\"Organization\",\"@id\":\"https:\/\/ebk.pl\/#organization\",\"name\":\"EBK Reklama\",\"alternateName\":\"EBK Partner w Reklamie\",\"url\":\"https:\/\/ebk.pl\/\",\"logo\":{\"@type\":\"ImageObject\",\"inLanguage\":\"pl-PL\",\"@id\":\"https:\/\/ebk.pl\/#\/schema\/logo\/image\/\",\"url\":\"https:\/\/ebk.pl\/wp-content\/uploads\/2022\/07\/Purpl_LOGO-1.png\",\"contentUrl\":\"https:\/\/ebk.pl\/wp-content\/uploads\/2022\/07\/Purpl_LOGO-1.png\",\"width\":858,\"height\":571,\"caption\":\"EBK Reklama\"},\"image\":{\"@id\":\"https:\/\/ebk.pl\/#\/schema\/logo\/image\/\"},\"sameAs\":[\"https:\/\/www.facebook.com\/EBKAgencjaReklamowa\/\",\"https:\/\/www.instagram.com\/ebk_reklama\/\",\"https:\/\/www.linkedin.com\/company\/ebk-partner-w-reklamie\/\"]}]}<\/script>\n<!-- \/ Yoast SEO plugin. -->","yoast_head_json":{"title":"Polityka prywatno\u015bci - EBK Reklama","robots":{"index":"index","follow":"follow","max-snippet":"max-snippet:-1","max-image-preview":"max-image-preview:large","max-video-preview":"max-video-preview:-1"},"canonical":"https:\/\/ebk.pl\/index.php\/privacy-policy\/","og_locale":"pl_PL","og_type":"article","og_title":"Polityka prywatno\u015bci - EBK Reklama","og_url":"https:\/\/ebk.pl\/index.php\/privacy-policy\/","og_site_name":"EBK Reklama","article_publisher":"https:\/\/www.facebook.com\/EBKAgencjaReklamowa\/","article_modified_time":"2022-09-23T11:19:25+00:00","og_image":[{"width":512,"height":471,"url":"https:\/\/ebk.pl\/wp-content\/uploads\/2022\/09\/LOGO-EBK-Favikon.jpg","type":"image\/jpeg"}],"twitter_card":"summary_large_image","twitter_misc":{"Szacowany czas czytania":"4 minuty"},"schema":{"@context":"https:\/\/schema.org","@graph":[{"@type":"WebPage","@id":"https:\/\/ebk.pl\/index.php\/privacy-policy\/","url":"https:\/\/ebk.pl\/index.php\/privacy-policy\/","name":"Polityka prywatno\u015bci - EBK Reklama","isPartOf":{"@id":"https:\/\/ebk.pl\/#website"},"datePublished":"2022-07-27T14:17:51+00:00","dateModified":"2022-09-23T11:19:25+00:00","breadcrumb":{"@id":"https:\/\/ebk.pl\/index.php\/privacy-policy\/#breadcrumb"},"inLanguage":"pl-PL","potentialAction":[{"@type":"ReadAction","target":["https:\/\/ebk.pl\/index.php\/privacy-policy\/"]}]},{"@type":"BreadcrumbList","@id":"https:\/\/ebk.pl\/index.php\/privacy-policy\/#breadcrumb","itemListElement":[{"@type":"ListItem","position":1,"name":"Strona g\u0142\u00f3wna","item":"https:\/\/ebk.pl\/"},{"@type":"ListItem","position":2,"name":"Polityka prywatno\u015bci"}]},{"@type":"WebSite","@id":"https:\/\/ebk.pl\/#website","url":"https:\/\/ebk.pl\/","name":"EBK Reklama","description":"EBK Partner w Reklamie","publisher":{"@id":"https:\/\/ebk.pl\/#organization"},"alternateName":"Gad\u017cety dla firm","potentialAction":[{"@type":"SearchAction","target":{"@type":"EntryPoint","urlTemplate":"https:\/\/ebk.pl\/?s={search_term_string}"},"query-input":"required name=search_term_string"}],"inLanguage":"pl-PL"},{"@type":"Organization","@id":"https:\/\/ebk.pl\/#organization","name":"EBK Reklama","alternateName":"EBK Partner w Reklamie","url":"https:\/\/ebk.pl\/","logo":{"@type":"ImageObject","inLanguage":"pl-PL","@id":"https:\/\/ebk.pl\/#\/schema\/logo\/image\/","url":"https:\/\/ebk.pl\/wp-content\/uploads\/2022\/07\/Purpl_LOGO-1.png","contentUrl":"https:\/\/ebk.pl\/wp-content\/uploads\/2022\/07\/Purpl_LOGO-1.png","width":858,"height":571,"caption":"EBK Reklama"},"image":{"@id":"https:\/\/ebk.pl\/#\/schema\/logo\/image\/"},"sameAs":["https:\/\/www.facebook.com\/EBKAgencjaReklamowa\/","https:\/\/www.instagram.com\/ebk_reklama\/","https:\/\/www.linkedin.com\/company\/ebk-partner-w-reklamie\/"]}]}},"_links":{"self":[{"href":"https:\/\/ebk.pl\/index.php\/wp-json\/wp\/v2\/pages\/3"}],"collection":[{"href":"https:\/\/ebk.pl\/index.php\/wp-json\/wp\/v2\/pages"}],"about":[{"href":"https:\/\/ebk.pl\/index.php\/wp-json\/wp\/v2\/types\/page"}],"author":[{"embeddable":true,"href":"https:\/\/ebk.pl\/index.php\/wp-json\/wp\/v2\/users\/1"}],"replies":[{"embeddable":true,"href":"https:\/\/ebk.pl\/index.php\/wp-json\/wp\/v2\/comments?post=3"}],"version-history":[{"count":4,"href":"https:\/\/ebk.pl\/index.php\/wp-json\/wp\/v2\/pages\/3\/revisions"}],"predecessor-version":[{"id":2544,"href":"https:\/\/ebk.pl\/index.php\/wp-json\/wp\/v2\/pages\/3\/revisions\/2544"}],"wp:attachment":[{"href":"https:\/\/ebk.pl\/index.php\/wp-json\/wp\/v2\/media?parent=3"}],"curies":[{"name":"wp","href":"https:\/\/api.w.org\/{rel}","templated":true}]}}